{"id":1258,"date":"2018-10-24T19:29:22","date_gmt":"2018-10-24T19:29:22","guid":{"rendered":"https:\/\/demo01.gethomey.io\/?page_id=1258"},"modified":"2022-05-12T06:38:36","modified_gmt":"2022-05-12T06:38:36","slug":"blog","status":"publish","type":"page","link":"https:\/\/flatistahomes.com\/de\/blog\/","title":{"rendered":"Blog"},"content":{"rendered":"<div data-elementor-type=\"wp-page\" data-elementor-id=\"1258\" class=\"elementor elementor-1258\" data-elementor-post-type=\"page\">\n\t\t\t\t\t\t<section class=\"elementor-section elementor-top-section elementor-element elementor-element-e552a5b elementor-section-height-min-height elementor-section-boxed elementor-section-height-default elementor-section-items-middle\" data-id=\"e552a5b\" data-element_type=\"section\" data-settings=\"{&quot;background_background&quot;:&quot;classic&quot;,&quot;jet_parallax_layout_list&quot;:[]}\">\n\t\t\t\t\t\t\t<div class=\"elementor-background-overlay\"><\/div>\n\t\t\t\t\t\t\t<div class=\"elementor-container elementor-column-gap-default\">\n\t\t\t\t\t<div class=\"elementor-column elementor-col-100 elementor-top-column elementor-element elementor-element-d282ad3\" data-id=\"d282ad3\" data-element_type=\"column\">\n\t\t\t<div class=\"elementor-widget-wrap elementor-element-populated\">\n\t\t\t\t\t\t<div class=\"elementor-element elementor-element-d458f9c elementor-widget elementor-widget-heading\" data-id=\"d458f9c\" data-element_type=\"widget\" data-widget_type=\"heading.default\">\n\t\t\t\t<div class=\"elementor-widget-container\">\n\t\t\t\t\t<h1 class=\"elementor-heading-title elementor-size-default\">Blog<\/h1>\t\t\t\t<\/div>\n\t\t\t\t<\/div>\n\t\t\t\t<div class=\"elementor-element elementor-element-fba9e7f elementor-widget elementor-widget-text-editor\" data-id=\"fba9e7f\" data-element_type=\"widget\" data-widget_type=\"text-editor.default\">\n\t\t\t\t<div class=\"elementor-widget-container\">\n\t\t\t\t\t\t\t\t\t<p>Wir bieten einzigartige Orte, die f\u00fcr Ihren Komfort geeignet sind<\/p>\t\t\t\t\t\t\t\t<\/div>\n\t\t\t\t<\/div>\n\t\t\t\t\t<\/div>\n\t\t<\/div>\n\t\t\t\t\t<\/div>\n\t\t<\/section>\n\t\t\t\t<section class=\"elementor-section elementor-top-section elementor-element elementor-element-20de49bc elementor-section-boxed elementor-section-height-default elementor-section-height-default\" data-id=\"20de49bc\" data-element_type=\"section\" id=\"blog\" data-settings=\"{&quot;jet_parallax_layout_list&quot;:[{&quot;jet_parallax_layout_image&quot;:{&quot;url&quot;:&quot;&quot;,&quot;id&quot;:&quot;&quot;,&quot;size&quot;:&quot;&quot;},&quot;_id&quot;:&quot;7a5000a&quot;,&quot;jet_parallax_layout_image_tablet&quot;:{&quot;url&quot;:&quot;&quot;,&quot;id&quot;:&quot;&quot;,&quot;size&quot;:&quot;&quot;},&quot;jet_parallax_layout_image_mobile&quot;:{&quot;url&quot;:&quot;&quot;,&quot;id&quot;:&quot;&quot;,&quot;size&quot;:&quot;&quot;},&quot;jet_parallax_layout_speed&quot;:{&quot;unit&quot;:&quot;%&quot;,&quot;size&quot;:50,&quot;sizes&quot;:[]},&quot;jet_parallax_layout_type&quot;:&quot;scroll&quot;,&quot;jet_parallax_layout_direction&quot;:&quot;1&quot;,&quot;jet_parallax_layout_fx_direction&quot;:null,&quot;jet_parallax_layout_z_index&quot;:&quot;&quot;,&quot;jet_parallax_layout_bg_x&quot;:50,&quot;jet_parallax_layout_bg_x_tablet&quot;:&quot;&quot;,&quot;jet_parallax_layout_bg_x_mobile&quot;:&quot;&quot;,&quot;jet_parallax_layout_bg_y&quot;:50,&quot;jet_parallax_layout_bg_y_tablet&quot;:&quot;&quot;,&quot;jet_parallax_layout_bg_y_mobile&quot;:&quot;&quot;,&quot;jet_parallax_layout_bg_size&quot;:&quot;auto&quot;,&quot;jet_parallax_layout_bg_size_tablet&quot;:&quot;&quot;,&quot;jet_parallax_layout_bg_size_mobile&quot;:&quot;&quot;,&quot;jet_parallax_layout_animation_prop&quot;:&quot;transform&quot;,&quot;jet_parallax_layout_on&quot;:[&quot;desktop&quot;,&quot;tablet&quot;]}],&quot;background_background&quot;:&quot;classic&quot;}\">\n\t\t\t\t\t\t<div class=\"elementor-container elementor-column-gap-default\">\n\t\t\t\t\t<div class=\"elementor-column elementor-col-100 elementor-top-column elementor-element elementor-element-65614949\" data-id=\"65614949\" data-element_type=\"column\">\n\t\t\t<div class=\"elementor-widget-wrap elementor-element-populated\">\n\t\t\t\t\t\t<div class=\"elementor-element elementor-element-1c8e19af elementor-grid-3 elementor-grid-tablet-2 elementor-grid-mobile-1 elementor-posts--thumbnail-top elementor-card-shadow-yes elementor-posts__hover-gradient elementor-widget elementor-widget-posts\" data-id=\"1c8e19af\" data-element_type=\"widget\" data-settings=\"{&quot;pagination_type&quot;:&quot;numbers_and_prev_next&quot;,&quot;cards_columns&quot;:&quot;3&quot;,&quot;cards_columns_tablet&quot;:&quot;2&quot;,&quot;cards_columns_mobile&quot;:&quot;1&quot;,&quot;cards_row_gap&quot;:{&quot;unit&quot;:&quot;px&quot;,&quot;size&quot;:35,&quot;sizes&quot;:[]},&quot;cards_row_gap_tablet&quot;:{&quot;unit&quot;:&quot;px&quot;,&quot;size&quot;:&quot;&quot;,&quot;sizes&quot;:[]},&quot;cards_row_gap_mobile&quot;:{&quot;unit&quot;:&quot;px&quot;,&quot;size&quot;:&quot;&quot;,&quot;sizes&quot;:[]}}\" data-widget_type=\"posts.cards\">\n\t\t\t\t<div class=\"elementor-widget-container\">\n\t\t\t\t\t\t\t<div class=\"elementor-posts-container elementor-posts elementor-posts--skin-cards elementor-grid\" role=\"list\">\n\t\t\t\t<article class=\"elementor-post elementor-grid-item post-575 post type-post status-publish format-standard has-post-thumbnail hentry category-holiday tag-accomodations tag-booking tag-holidays tag-rentals tag-reservations\" role=\"listitem\">\n\t\t\t<div class=\"elementor-post__card\">\n\t\t\t\t<a class=\"elementor-post__thumbnail__link\" href=\"https:\/\/flatistahomes.com\/de\/15-things-you-need-to-know-about-holiday-today\/\" tabindex=\"-1\" ><div class=\"elementor-post__thumbnail\"><img fetchpriority=\"high\" decoding=\"async\" width=\"300\" height=\"200\" src=\"https:\/\/flatistahomes.com\/wp-content\/uploads\/2018\/10\/blog-08-300x200.jpg\" class=\"attachment-medium size-medium wp-image-576\" alt=\"\" srcset=\"https:\/\/flatistahomes.com\/wp-content\/uploads\/2018\/10\/blog-08-300x200.jpg 300w, https:\/\/flatistahomes.com\/wp-content\/uploads\/2018\/10\/blog-08-600x400.jpg 600w, https:\/\/flatistahomes.com\/wp-content\/uploads\/2018\/10\/blog-08-1024x683.jpg 1024w, https:\/\/flatistahomes.com\/wp-content\/uploads\/2018\/10\/blog-08-768x513.jpg 768w, https:\/\/flatistahomes.com\/wp-content\/uploads\/2018\/10\/blog-08-450x300.jpg 450w, https:\/\/flatistahomes.com\/wp-content\/uploads\/2018\/10\/blog-08-1140x760.jpg 1140w, https:\/\/flatistahomes.com\/wp-content\/uploads\/2018\/10\/blog-08-120x80.jpg 120w, https:\/\/flatistahomes.com\/wp-content\/uploads\/2018\/10\/blog-08-749x500.jpg 749w, https:\/\/flatistahomes.com\/wp-content\/uploads\/2018\/10\/blog-08.jpg 1440w\" sizes=\"(max-width: 300px) 100vw, 300px\" \/><\/div><\/a>\n\t\t\t\t<div class=\"elementor-post__text\">\n\t\t\t\t<h3 class=\"elementor-post__title\">\n\t\t\t<a href=\"https:\/\/flatistahomes.com\/de\/15-things-you-need-to-know-about-holiday-today\/\" >\n\t\t\t\t15 Dinge, die Sie heute \u00fcber den Urlaub wissen m\u00fcssen\t\t\t<\/a>\n\t\t<\/h3>\n\t\t\t\t<div class=\"elementor-post__excerpt\">\n\t\t\t<p>Lorem ipsum dolor sit amet, consectetur adipiscing elit. Duis mollis et sem sed willicitudin. Donec non odio neque. Aliquam hendrerit sollicitudin purus, quis rutrum mi<\/p>\n\t\t<\/div>\n\t\t\n\t\t<a class=\"elementor-post__read-more\" href=\"https:\/\/flatistahomes.com\/de\/15-things-you-need-to-know-about-holiday-today\/\" aria-label=\"Mehr \u00fcber 15 Dinge, die Sie heute \u00fcber Urlaub wissen m\u00fcssen\" tabindex=\"-1\" >\n\t\t\tMehr lesen &quot;\t\t<\/a>\n\n\t\t\t\t<\/div>\n\t\t\t\t<div class=\"elementor-post__meta-data\">\n\t\t\t\t\t<span class=\"elementor-post-date\">\n\t\t\t18\/10\/2018\t\t<\/span>\n\t\t\t\t<\/div>\n\t\t\t\t\t<\/div>\n\t\t<\/article>\n\t\t\t\t<article class=\"elementor-post elementor-grid-item post-572 post type-post status-publish format-standard has-post-thumbnail hentry category-booking tag-accomodations tag-booking tag-holidays tag-rentals tag-reservations\" role=\"listitem\">\n\t\t\t<div class=\"elementor-post__card\">\n\t\t\t\t<a class=\"elementor-post__thumbnail__link\" href=\"https:\/\/flatistahomes.com\/de\/five-things-to-avoid-in-booking\/\" tabindex=\"-1\" ><div class=\"elementor-post__thumbnail\"><img decoding=\"async\" width=\"300\" height=\"213\" data-src=\"https:\/\/flatistahomes.com\/wp-content\/uploads\/2018\/10\/blog-10-300x213.jpg\" class=\"attachment-medium size-medium wp-image-573 lazyload\" alt=\"\" data-srcset=\"https:\/\/flatistahomes.com\/wp-content\/uploads\/2018\/10\/blog-10-300x213.jpg 300w, https:\/\/flatistahomes.com\/wp-content\/uploads\/2018\/10\/blog-10-600x426.jpg 600w, https:\/\/flatistahomes.com\/wp-content\/uploads\/2018\/10\/blog-10-1024x727.jpg 1024w, https:\/\/flatistahomes.com\/wp-content\/uploads\/2018\/10\/blog-10-768x545.jpg 768w, https:\/\/flatistahomes.com\/wp-content\/uploads\/2018\/10\/blog-10-705x500.jpg 705w, https:\/\/flatistahomes.com\/wp-content\/uploads\/2018\/10\/blog-10.jpg 1440w\" data-sizes=\"(max-width: 300px) 100vw, 300px\" src=\"data:image\/svg+xml;base64,PHN2ZyB3aWR0aD0iMSIgaGVpZ2h0PSIxIiB4bWxucz0iaHR0cDovL3d3dy53My5vcmcvMjAwMC9zdmciPjwvc3ZnPg==\" style=\"--smush-placeholder-width: 300px; --smush-placeholder-aspect-ratio: 300\/213;\" \/><\/div><\/a>\n\t\t\t\t<div class=\"elementor-post__text\">\n\t\t\t\t<h3 class=\"elementor-post__title\">\n\t\t\t<a href=\"https:\/\/flatistahomes.com\/de\/five-things-to-avoid-in-booking\/\" >\n\t\t\t\tF\u00fcnf Dinge, die Sie bei der Buchung vermeiden sollten\t\t\t<\/a>\n\t\t<\/h3>\n\t\t\t\t<div class=\"elementor-post__excerpt\">\n\t\t\t<p>Lorem ipsum dolor sit amet, consectetur adipiscing elit. Duis mollis et sem sed willicitudin. Donec non odio neque. Aliquam hendrerit sollicitudin purus, quis rutrum mi<\/p>\n\t\t<\/div>\n\t\t\n\t\t<a class=\"elementor-post__read-more\" href=\"https:\/\/flatistahomes.com\/de\/five-things-to-avoid-in-booking\/\" aria-label=\"Mehr \u00fcber F\u00fcnf Dinge, die Sie bei der Buchung vermeiden sollten\" tabindex=\"-1\" >\n\t\t\tMehr lesen &quot;\t\t<\/a>\n\n\t\t\t\t<\/div>\n\t\t\t\t<div class=\"elementor-post__meta-data\">\n\t\t\t\t\t<span class=\"elementor-post-date\">\n\t\t\t18\/10\/2018\t\t<\/span>\n\t\t\t\t<\/div>\n\t\t\t\t\t<\/div>\n\t\t<\/article>\n\t\t\t\t<article class=\"elementor-post elementor-grid-item post-567 post type-post status-publish format-standard has-post-thumbnail hentry category-accomodations tag-accomodations tag-booking tag-holidays tag-rentals tag-reservations\" role=\"listitem\">\n\t\t\t<div class=\"elementor-post__card\">\n\t\t\t\t<a class=\"elementor-post__thumbnail__link\" href=\"https:\/\/flatistahomes.com\/de\/seven-awesome-things-you-can-learn-from-booking\/\" tabindex=\"-1\" ><div class=\"elementor-post__thumbnail\"><img decoding=\"async\" width=\"300\" height=\"203\" data-src=\"https:\/\/flatistahomes.com\/wp-content\/uploads\/2018\/10\/blog-11-300x203.jpg\" class=\"attachment-medium size-medium wp-image-570 lazyload\" alt=\"\" data-srcset=\"https:\/\/flatistahomes.com\/wp-content\/uploads\/2018\/10\/blog-11-300x203.jpg 300w, https:\/\/flatistahomes.com\/wp-content\/uploads\/2018\/10\/blog-11-600x406.jpg 600w, https:\/\/flatistahomes.com\/wp-content\/uploads\/2018\/10\/blog-11-1024x693.jpg 1024w, https:\/\/flatistahomes.com\/wp-content\/uploads\/2018\/10\/blog-11-768x519.jpg 768w, https:\/\/flatistahomes.com\/wp-content\/uploads\/2018\/10\/blog-11-120x80.jpg 120w, https:\/\/flatistahomes.com\/wp-content\/uploads\/2018\/10\/blog-11-739x500.jpg 739w, https:\/\/flatistahomes.com\/wp-content\/uploads\/2018\/10\/blog-11.jpg 1440w\" data-sizes=\"(max-width: 300px) 100vw, 300px\" src=\"data:image\/svg+xml;base64,PHN2ZyB3aWR0aD0iMSIgaGVpZ2h0PSIxIiB4bWxucz0iaHR0cDovL3d3dy53My5vcmcvMjAwMC9zdmciPjwvc3ZnPg==\" style=\"--smush-placeholder-width: 300px; --smush-placeholder-aspect-ratio: 300\/203;\" \/><\/div><\/a>\n\t\t\t\t<div class=\"elementor-post__text\">\n\t\t\t\t<h3 class=\"elementor-post__title\">\n\t\t\t<a href=\"https:\/\/flatistahomes.com\/de\/seven-awesome-things-you-can-learn-from-booking\/\" >\n\t\t\t\tSieben gro\u00dfartige Dinge, die Sie bei der Buchung lernen k\u00f6nnen\t\t\t<\/a>\n\t\t<\/h3>\n\t\t\t\t<div class=\"elementor-post__excerpt\">\n\t\t\t<p>Lorem ipsum dolor sit amet, consectetur adipiscing elit. Duis mollis et sem sed willicitudin. Donec non odio neque. Aliquam hendrerit sollicitudin purus, quis rutrum mi<\/p>\n\t\t<\/div>\n\t\t\n\t\t<a class=\"elementor-post__read-more\" href=\"https:\/\/flatistahomes.com\/de\/seven-awesome-things-you-can-learn-from-booking\/\" aria-label=\"Mehr \u00fcber Sieben tolle Dinge, die Sie beim Buchen lernen k\u00f6nnen\" tabindex=\"-1\" >\n\t\t\tMehr lesen &quot;\t\t<\/a>\n\n\t\t\t\t<\/div>\n\t\t\t\t<div class=\"elementor-post__meta-data\">\n\t\t\t\t\t<span class=\"elementor-post-date\">\n\t\t\t18\/10\/2018\t\t<\/span>\n\t\t\t\t<\/div>\n\t\t\t\t\t<\/div>\n\t\t<\/article>\n\t\t\t\t<article class=\"elementor-post elementor-grid-item post-556 post type-post status-publish format-standard has-post-thumbnail hentry category-booking tag-accomodations tag-booking tag-holidays tag-rentals tag-reservations\" role=\"listitem\">\n\t\t\t<div class=\"elementor-post__card\">\n\t\t\t\t<a class=\"elementor-post__thumbnail__link\" href=\"https:\/\/flatistahomes.com\/de\/five-facts-that-nobody-told-you-about-booking\/\" tabindex=\"-1\" ><div class=\"elementor-post__thumbnail\"><img decoding=\"async\" width=\"300\" height=\"200\" data-src=\"https:\/\/flatistahomes.com\/wp-content\/uploads\/2018\/10\/blog-12-300x200.jpg\" class=\"attachment-medium size-medium wp-image-557 lazyload\" alt=\"\" data-srcset=\"https:\/\/flatistahomes.com\/wp-content\/uploads\/2018\/10\/blog-12-300x200.jpg 300w, https:\/\/flatistahomes.com\/wp-content\/uploads\/2018\/10\/blog-12-600x400.jpg 600w, https:\/\/flatistahomes.com\/wp-content\/uploads\/2018\/10\/blog-12-1024x683.jpg 1024w, https:\/\/flatistahomes.com\/wp-content\/uploads\/2018\/10\/blog-12-768x512.jpg 768w, https:\/\/flatistahomes.com\/wp-content\/uploads\/2018\/10\/blog-12-450x300.jpg 450w, https:\/\/flatistahomes.com\/wp-content\/uploads\/2018\/10\/blog-12-1140x760.jpg 1140w, https:\/\/flatistahomes.com\/wp-content\/uploads\/2018\/10\/blog-12-120x80.jpg 120w, https:\/\/flatistahomes.com\/wp-content\/uploads\/2018\/10\/blog-12-750x500.jpg 750w, https:\/\/flatistahomes.com\/wp-content\/uploads\/2018\/10\/blog-12.jpg 1440w\" data-sizes=\"(max-width: 300px) 100vw, 300px\" src=\"data:image\/svg+xml;base64,PHN2ZyB3aWR0aD0iMSIgaGVpZ2h0PSIxIiB4bWxucz0iaHR0cDovL3d3dy53My5vcmcvMjAwMC9zdmciPjwvc3ZnPg==\" style=\"--smush-placeholder-width: 300px; --smush-placeholder-aspect-ratio: 300\/200;\" \/><\/div><\/a>\n\t\t\t\t<div class=\"elementor-post__text\">\n\t\t\t\t<h3 class=\"elementor-post__title\">\n\t\t\t<a href=\"https:\/\/flatistahomes.com\/de\/five-facts-that-nobody-told-you-about-booking\/\" >\n\t\t\t\tF\u00fcnf Fakten, die Ihnen niemand \u00fcber die Buchung erz\u00e4hlt hat\t\t\t<\/a>\n\t\t<\/h3>\n\t\t\t\t<div class=\"elementor-post__excerpt\">\n\t\t\t<p>Lorem ipsum dolor sit amet, consectetur adipiscing elit. Duis mollis et sem sed willicitudin. Donec non odio neque. Aliquam hendrerit sollicitudin purus, quis rutrum mi<\/p>\n\t\t<\/div>\n\t\t\n\t\t<a class=\"elementor-post__read-more\" href=\"https:\/\/flatistahomes.com\/de\/five-facts-that-nobody-told-you-about-booking\/\" aria-label=\"Mehr \u00fcber F\u00fcnf Fakten, die Ihnen niemand \u00fcber Booking erz\u00e4hlt hat\" tabindex=\"-1\" >\n\t\t\tMehr lesen &quot;\t\t<\/a>\n\n\t\t\t\t<\/div>\n\t\t\t\t<div class=\"elementor-post__meta-data\">\n\t\t\t\t\t<span class=\"elementor-post-date\">\n\t\t\t18\/10\/2018\t\t<\/span>\n\t\t\t\t<\/div>\n\t\t\t\t\t<\/div>\n\t\t<\/article>\n\t\t\t\t<\/div>\n\t\t\n\t\t\t\t\t\t<\/div>\n\t\t\t\t<\/div>\n\t\t\t\t\t<\/div>\n\t\t<\/div>\n\t\t\t\t\t<\/div>\n\t\t<\/section>\n\t\t\t\t<\/div>","protected":false},"excerpt":{"rendered":"<p>Wir bieten einzigartige Orte, die f\u00fcr Ihren Komfort geeignet sind<\/p>","protected":false},"author":1,"featured_media":0,"parent":0,"menu_order":0,"comment_status":"closed","ping_status":"closed","template":"","meta":{"footnotes":""},"class_list":["post-1258","page","type-page","status-publish","hentry"],"_links":{"self":[{"href":"https:\/\/flatistahomes.com\/de\/wp-json\/wp\/v2\/pages\/1258","targetHints":{"allow":["GET"]}}],"collection":[{"href":"https:\/\/flatistahomes.com\/de\/wp-json\/wp\/v2\/pages"}],"about":[{"href":"https:\/\/flatistahomes.com\/de\/wp-json\/wp\/v2\/types\/page"}],"author":[{"embeddable":true,"href":"https:\/\/flatistahomes.com\/de\/wp-json\/wp\/v2\/users\/1"}],"replies":[{"embeddable":true,"href":"https:\/\/flatistahomes.com\/de\/wp-json\/wp\/v2\/comments?post=1258"}],"version-history":[{"count":0,"href":"https:\/\/flatistahomes.com\/de\/wp-json\/wp\/v2\/pages\/1258\/revisions"}],"wp:attachment":[{"href":"https:\/\/flatistahomes.com\/de\/wp-json\/wp\/v2\/media?parent=1258"}],"curies":[{"name":"wp","href":"https:\/\/api.w.org\/{rel}","templated":true}]}}